{"id":301,"date":"2022-11-21T14:31:47","date_gmt":"2022-11-21T19:31:47","guid":{"rendered":"https:\/\/gestionescolar.com.mx\/classroom\/?page_id=301"},"modified":"2022-11-21T14:36:48","modified_gmt":"2022-11-21T19:36:48","slug":"terminos-y-condiciones","status":"publish","type":"page","link":"https:\/\/gestionescolar.com.mx\/en\/terminos-y-condiciones\/","title":{"rendered":"T\u00e9rminos y condiciones"},"content":{"rendered":"<div data-elementor-type=\"wp-page\" data-elementor-id=\"301\" class=\"elementor elementor-301\" data-elementor-post-type=\"page\">\n\t\t\t\t\t\t<section data-particle_enable=\"false\" data-particle-mobile-disabled=\"false\" class=\"elementor-section elementor-top-section elementor-element elementor-element-5edf6c7 elementor-section-full_width elementor-section-stretched elementor-section-height-default elementor-section-height-default\" data-id=\"5edf6c7\" data-element_type=\"section\" data-e-type=\"section\" data-settings=\"{&quot;stretch_section&quot;:&quot;section-stretched&quot;,&quot;ekit_has_onepagescroll_dot&quot;:&quot;yes&quot;}\">\n\t\t\t\t\t\t<div class=\"elementor-container elementor-column-gap-default\">\n\t\t\t\t\t<div class=\"elementor-column elementor-col-100 elementor-top-column elementor-element elementor-element-bca84a0\" data-id=\"bca84a0\" data-element_type=\"column\" data-e-type=\"column\">\n\t\t\t<div class=\"elementor-widget-wrap elementor-element-populated\">\n\t\t\t\t\t\t<div class=\"elementor-element elementor-element-e04c0b6 elementor-widget elementor-widget-heading\" data-id=\"e04c0b6\" data-element_type=\"widget\" data-e-type=\"widget\" data-settings=\"{&quot;ekit_we_effect_on&quot;:&quot;none&quot;}\" data-widget_type=\"heading.default\">\n\t\t\t\t<div class=\"elementor-widget-container\">\n\t\t\t\t\t<h2 class=\"elementor-heading-title elementor-size-default\">T\u00e9rminos y condiciones<\/h2>\t\t\t\t<\/div>\n\t\t\t\t<\/div>\n\t\t\t\t<div class=\"elementor-element elementor-element-fba7750 elementor-widget elementor-widget-text-editor\" data-id=\"fba7750\" data-element_type=\"widget\" data-e-type=\"widget\" data-settings=\"{&quot;ekit_we_effect_on&quot;:&quot;none&quot;}\" data-widget_type=\"text-editor.default\">\n\t\t\t\t<div class=\"elementor-widget-container\">\n\t\t\t\t\t\t\t\t\t<p>Nosotros somos Gesti\u00f3n Escolar GEx ubicado en https:\/\/gestionescolar.com.mx\u00a0 y proporcionamos themes y plugins para WordPress redistribuidos bajo la licencia GPL (Licencia P\u00fablica General) por desarrolladores de todo el mundo.\u00a0<\/p><h3>Creaci\u00f3n de cuenta<\/h3><p>Te conviertes en miembro de nuestra comunidad, una vez que creas una cuenta y aceptas seguir las reglas b\u00e1sicas que contienen los t\u00e9rminos, por eso es muy importante que los leas detenidamente.\u00a0\u00a0<\/p><h3>Aceptaci\u00f3n de los t\u00e9rminos<\/h3><p>Si no aceptas los t\u00e9rminos y condiciones de nuestro sitio, tendr\u00e1s que salir de \u00e9l, porque su uso est\u00e1 condicionado a su aceptaci\u00f3n y a la Pol\u00edtica de Privacidad, ya sea que te conviertas o no en miembro .<\/p><h3>Suscripci\u00f3n<\/h3><p>Pueden suscribirse a gestionescolar.com.mx s\u00f3lo personas reales, usando sus detalles reales. Cuando te conviertes en suscriptor o miembro, puedes acceder a nuestro directorio de art\u00edculos, los cuales deben ser usados de acuerdo con la licencia GPL<\/p><h3>Edad para ser Miembro<\/h3><p>Para convertirte en Suscriptor o Miembro, debes tener 18 a\u00f1os o m\u00e1s. Si eres menor de 18 a\u00f1os necesitar\u00e1s usar la cuenta de un padre o tutor legal que tenga al menos 18 a\u00f1os de edad, con su permiso, y siendo este adulto responsable de todas tus actividades.<\/p><h3>Tu responsabilidad<\/h3><p>Te comprometes a brindar informaci\u00f3n verdadera, precisa y completa, y a mantener actualizada la informaci\u00f3n de tu cuenta, incluyendo una direcci\u00f3n de correo electr\u00f3nico actual. Tu suscripci\u00f3n es intransferible y eres responsable de cualquier uso indebido dentro del sitio gestionescolar.com.mx que ocurra con tu nombre de usuario y contrase\u00f1a, por eso es importante que no permitas que otra persona los use y mantener\u00a0 tu contrase\u00f1a segura.Si adviertes que existe un uso no autorizado de tu contrase\u00f1a o de cualquier violaci\u00f3n de seguridad, debes informarnos de inmediato.<\/p><h3>Reembolso<\/h3><p>El contenido digital se puede descargar inmediatamente despu\u00e9s de realizar una compra, no existe prueba o per\u00edodo de gracia despu\u00e9s de comprar una suscripci\u00f3n o cualquier producto, esto significa que todas las ventas son definitivas. Una vez descargado un art\u00edculo, no se puede devolver. Los reembolsos no pueden ser proporcionados, a menos que hayamos hecho modificaciones a estos t\u00e9rminos que lo afecten materialmente en tu perjuicio. En tal caso, se otorgar\u00e1 un reembolso proporcional por todo el mes no utilizado.<\/p><h3>Solicitudes de reembolso<\/h3><p>Las solicitudes de reembolso ser\u00e1n evaluadas seg\u00fan tus m\u00e9ritos, pero en general, no hay obligaci\u00f3n de proporcionar un reembolso si:<\/p><ul><li><ul><li>Cambiaste de opini\u00f3n;<\/li><li>Te suscribiste por error;<\/li><li>Pides buena voluntad;<\/li><li>No cuentas con la capacidad t\u00e9cnica para hacer que el art\u00edculo funcione;<\/li><li>No puedes descargar el art\u00edculo porque has sido eliminado de nuestro sitio web;<\/li><li>Est\u00e1s incumpliendo nuestra pol\u00edtica de juego limpio y conducta.<\/li><\/ul><\/li><\/ul><h3>Soporte de producto<\/h3><p>La naturaleza de los plugins y temas de WordPress hace que los art\u00edculos se proporcionen \u201ctal cual\u201d, sin garant\u00eda de que funcionar\u00e1n exactamente como lo desees o con todos los componentes y complementos de terceros. No podemos proporcionar asistencia t\u00e9cnica para las descargas. Los productos de terceros proporcionados, son compatibles con sus autores y no con gestionescolar.com.mx Te sugerimos que revises los t\u00e9rminos de soporte proporcionados por el autor de un producto antes de comprarlo en nuestro sitio. Nuestro apoyo se limita \u00fanicamente a la facturaci\u00f3n y \/ o consultas t\u00e9cnicas sobre el sitio web\u00a0gestionescolar.com.mx\u00a0<\/p><h3>Juego limpio y conducta<\/h3><p>El uso del sitio\u00a0gestionescolar.com.mx\u00a0incluido el contenido y art\u00edculos, debe cumplir con nuestras pol\u00edticas, incluida cualquier pol\u00edtica de uso razonable, ya que ser suscriptor o miembro no es un derecho autom\u00e1tico, sino un beneficio para aquellos que siguen nuestras reglas razonables. De manera que,eventualmente y haciendo uso de la discreci\u00f3n razonable,podemos decidir si el uso del sitio se ajusta o no con estos t\u00e9rminos. y de esta manera suspender o cancelar tu cuenta de suscripci\u00f3n. El incumplimiento puede incluir conductas como: Infringir estos t\u00e9rminos,actuar de una manera contraria a los valores de nuestra comunidad o actuar de una manera que podr\u00eda causarnos un da\u00f1o o da\u00f1ar a otros.<\/p><p>Si decidimos eliminar de forma permanente tu cuenta de suscripci\u00f3n, no puedes solicitar una nueva.<\/p><p>No realizaremos reembolsos a los clientes que hayan cancelado sus cuentas. Los motivos para la terminaci\u00f3n pueden incluir conductas como:<\/p><ul><li><ul><li>Comportamiento abusivo, negatividad excesiva hacia nuestro personal u otros clientes;<\/li><li>Declaraciones difamatorias, maliciosas o falsas, incluyendo difamaci\u00f3n contra nosotros o intentos de persuadir a potenciales clientes para que no adquieran nuestros productos;<\/li><li>Promover productos de la competencia, contribuyendo a la pirater\u00eda de software, correo no deseado u otros actos ilegales;<\/li><li>Intentar eludir nuestra pol\u00edtica de uso justo\u00a0<\/li><\/ul><\/li><\/ul><h3>Pol\u00edtica de uso justo<\/h3><p>Operamos una pol\u00edtica de descarga de uso justo.gestionescolar.com.mx\u00a0est\u00e1 dirigido a personas individuales reales, usando sus detalles reales y no para que otros sitios web de GPL lo utilicen con el fin de agregar a sus existencias, lo cual est\u00e1 expresamente prohibido y dar\u00e1 lugar a la terminaci\u00f3n de la cuenta. No se realizar\u00e1n reembolsos.<\/p><h3>Cambios de membres\u00eda y \/ o precio<\/h3><p>No nos comprometemos a que ning\u00fan art\u00edculo en particular contin\u00fae disponible en nuestro sitio. Nos reservamos el derecho de modificar o discontinuar la totalidad o parte de las descargas, como as\u00ed tambi\u00e9n, agregar nuevas con o sin previo aviso. Los precios de los productos pueden estar sujetos a cambios en cualquier momento mediante la publicaci\u00f3n en nuestro sitio web.<\/p><h3>Enlaces<\/h3><p>No hemos revisado todos los sitios vinculados a este sitio web y no somos responsables de sus contenidos. La inclusi\u00f3n de cualquier enlace no implica nuestra aprobaci\u00f3n.<\/p><p>Declaraciones de marcas comerciales, derechos de autor y propiedad intelectual<\/p><p>Respetamos los derechos de propiedad intelectual. Si consideras que un art\u00edculo o contenido de WPADICTOS.COM infringe alg\u00fan derecho de propiedad intelectual, consulta la informaci\u00f3n en nuestra pol\u00edtica de derechos de autor.<\/p><h3>Responsabilidad e Indemnizaci\u00f3n<\/h3><p>Tu nos indemnizaras contra todas las p\u00e9rdidas, costos (incluidos los costos legales sobre una base de indemnizaci\u00f3n total), gastos, demandas o responsabilidad que surja de, o en relaci\u00f3n a un reclamo de terceros en nuestra contra, en cuanto al uso de gestionescolar.com.mx\u00a0o cualquier art\u00edculo o servicio.<\/p><p>gestionescolar.com.mx\u00a0y los elementos del sitio est\u00e1n disponibles para sus miembros o suscriptores \u201cTAL CUAL\u201d. Renunciamos a todas las garant\u00edas, expresas o impl\u00edcitas, incluidas las garant\u00edas impl\u00edcitas de no infracci\u00f3n, comerciabilidad e idoneidad para un fin determinado.<\/p><p>Nuestra responsabilidad para contigo en relaci\u00f3n con gestionescolar.com.mx\u00a0o estos t\u00e9rminos en contrato, agravio (incluyendo negligencia) o de otro modo, est\u00e1 limitada de la siguiente manera:<\/p><p>Excluimos nuestra responsabilidad en cualquiera de estos acontecimientos en los que incurras: P\u00e9rdida de ingresos, beneficios, fondos de comercio, clientes, capital, da\u00f1o a la reputaci\u00f3n, p\u00e9rdida en relaci\u00f3n a otro contrato, p\u00e9rdida de datos, p\u00e9rdida, da\u00f1o o gasto consecuente o especial. Nuestra responsabilidad\u00a0 para contigo est\u00e1 limitada a los montos totales pagados por ti a nosotros por tu suscripci\u00f3n, en los 6 meses inmediatamente anteriores a la fecha en que surgi\u00f3 el reclamo que dio lugar al pasivo.<\/p><h3>Disponibilidad<\/h3><p>Trabajamos para que gestionescolar.com.mx\u00a0est\u00e9 disponible las 24 horas del d\u00eda, pero conociendo el funcionamiento de Internet, es posible que en ocasiones no puedas acceder al sitio debido a diferentes motivos, con o sin previo aviso, y a nuestra absoluta discreci\u00f3n. Podemos modificar aspectos que tengan que ver con el funcionamiento de gestionescolar.com.mx\u00a0incluidos los tipos de art\u00edculos disponibles. No seremos responsables ante ti por ninguna p\u00e9rdida que sufras como resultado de estas situaciones.<\/p><h3>Terceros<\/h3><p>Si aceptas los t\u00e9rminos en nombre de otra persona, te comprometes a tener\u00a0 plena autoridad legal para hacerlo.\u00a0<\/p><h3>Leyes del consumidor<\/h3><p>En algunos pa\u00edses pueden existir derechos y garant\u00edas no excluibles del consumidor. Nosotros no excluimos, restringimos ni modificamos dichos derechos o garant\u00edas, estando\u00a0 sujetos a las promesas expresas formuladas en estos t\u00e9rminos. Nuestra responsabilidad por el incumplimiento de una garant\u00eda para el consumidor no excluible se limita, a nuestra elecci\u00f3n, a reemplazar o pagar el costo de reemplazar el art\u00edculo o servicio relevante (salvo que la garant\u00eda indique lo contrario). No debes usar un art\u00edculo que viole las leyes de exportaci\u00f3n que se aplican en tu pa\u00eds.<\/p><h3>Bloqueos, deshabilitar tu suscripci\u00f3n o negarse a procesar un pago<\/h3><p>Podemos bloquear tu cuenta, deshabilitar o cancelar tu suscripci\u00f3n o negarnos a procesar un pago si creemos razonablemente que existe un riesgo asociado contigo, con tu suscripci\u00f3n o con el\u00a0 pago, incluso si infringes una ley o reglamento. Esto ocurrir\u00eda por ejemplo, en situaciones\u00a0 en las que el pago es de una persona o pa\u00eds sancionado por autoridad competente o cuando creemos que existe un riesgo legal\u00a0 o riesgo de p\u00e9rdida vinculada a nosotros o nuestros miembros. Te comprometes a no encontrarte en un pa\u00eds sancionado y a no figurar en una lista de personas sancionadas.\u00a0\u00a0\u00a0\u00a0\u00a0\u00a0\u00a0\u00a0\u00a0\u00a0\u00a0\u00a0\u00a0\u00a0\u00a0\u00a0\u00a0\u00a0\u00a0\u00a0\u00a0<\/p><p>Debes verificar qu\u00e9 m\u00e9todos de pago est\u00e1n disponibles en tu pa\u00eds para realizar pagos.Podemos bloquear miembros de un pa\u00eds en caso de no poder realizar pagos desde o hacia dicho pa\u00eds.<\/p><p>Sin previo aviso, podremos aplicar estas acciones, existiendo diferentes leyes de aplicaci\u00f3n, teniendo en cuenta que gestionescolar.com.mx\u00a0es un sitio global.<\/p><h3>Relaci\u00f3n entre las partes<\/h3><p>Nuestra relaci\u00f3n no puede interpretarse como una empresa, asociaci\u00f3n o relaci\u00f3n laboral o de agencia entre tu y nosotros, ni tampoco entre tu y otro miembro.<\/p><h3>Avisos<\/h3><p>Si deseas enviarnos una notificaci\u00f3n, deber\u00e1s hacerlo por correo electr\u00f3nico, nosotros enviaremos las notificaciones al correo electr\u00f3nico que nos has proporcionado.<\/p><h3>Cambios a estos t\u00e9rminos<\/h3><p>Podemos cambiar estos t\u00e9rminos en cualquier momento y, si realizamos cambios, tomaremos las medidas razonables para informar a los suscriptores acerca de los cambios. Tambi\u00e9n puedes realizar un seguimiento de si se han realizado cambios en nuestros t\u00e9rminos al referirse a la versi\u00f3n y la vigencia. Si alguno de estos cambios tiene un efecto importante que te perjudique, podr\u00e1s demostrarlo y cancelar tu suscripci\u00f3n de acuerdo con la secci\u00f3n 7. De lo contrario, si contin\u00faas utilizando nuestro sitio despu\u00e9s de los cambios, estar\u00e1s de acuerdo con ellos independientemente del tiempo que haya transcurrido.\u00a0 \u00a0 Si un cambio tiene un efecto material en ti, depende de la naturaleza del cambio y sus circunstancias particulares. Por ejemplo, un cambio que haga que incurras en tarifas de transacci\u00f3n incrementadas, o que elimine una categor\u00eda completa de art\u00edculos, podr\u00eda tener un efecto material en la cantidad de valor que obtienes de nuestro sitio web.<\/p><p>La eliminaci\u00f3n de elementos individuales o un cambio de aclaraci\u00f3n de los t\u00e9rminos, normalmente no tendr\u00e1 un efecto significativo en tu perjuicio.<\/p><h3>Interpretaci\u00f3n<\/h3><p>Las palabras como \u201cincluir\u201d no son palabras de limitaci\u00f3n y, a nuestro criterio, nos limitamos a nuestra exclusiva discreci\u00f3n.<\/p>\t\t\t\t\t\t\t\t<\/div>\n\t\t\t\t<\/div>\n\t\t\t\t\t<\/div>\n\t\t<\/div>\n\t\t\t\t\t<\/div>\n\t\t<\/section>\n\t\t\t\t<\/div>","protected":false},"excerpt":{"rendered":"<p>T\u00e9rminos y condiciones Nosotros somos Gesti\u00f3n Escolar GEx ubicado en https:\/\/gestionescolar.com.mx\u00a0 y proporcionamos themes y plugins para WordPress redistribuidos bajo la licencia GPL (Licencia P\u00fablica General) por desarrolladores de todo el mundo.\u00a0 Creaci\u00f3n de cuenta Te conviertes en miembro de nuestra comunidad, una vez que creas una cuenta y aceptas seguir las reglas b\u00e1sicas que [&hellip;]<\/p>\n","protected":false},"author":1,"featured_media":0,"parent":0,"menu_order":0,"comment_status":"closed","ping_status":"closed","template":"elementor_header_footer","meta":{"_joinchat":[],"footnotes":""},"class_list":["post-301","page","type-page","status-publish","hentry"],"yoast_head":"<!-- This site is optimized with the Yoast SEO plugin v27.4 - https:\/\/yoast.com\/product\/yoast-seo-wordpress\/ -->\n<title>T\u00e9rminos y condiciones - Classroom<\/title>\n<meta name=\"robots\" content=\"index, follow, max-snippet:-1, max-image-preview:large, max-video-preview:-1\" \/>\n<link rel=\"canonical\" href=\"https:\/\/gestionescolar.com.mx\/en\/terminos-y-condiciones\/\" \/>\n<meta property=\"og:locale\" content=\"en_US\" \/>\n<meta property=\"og:type\" content=\"article\" \/>\n<meta property=\"og:title\" content=\"T\u00e9rminos y condiciones - Classroom\" \/>\n<meta property=\"og:description\" content=\"T\u00e9rminos y condiciones Nosotros somos Gesti\u00f3n Escolar GEx ubicado en https:\/\/gestionescolar.com.mx\u00a0 y proporcionamos themes y plugins para WordPress redistribuidos bajo la licencia GPL (Licencia P\u00fablica General) por desarrolladores de todo el mundo.\u00a0 Creaci\u00f3n de cuenta Te conviertes en miembro de nuestra comunidad, una vez que creas una cuenta y aceptas seguir las reglas b\u00e1sicas que [&hellip;]\" \/>\n<meta property=\"og:url\" content=\"https:\/\/gestionescolar.com.mx\/en\/terminos-y-condiciones\/\" \/>\n<meta property=\"og:site_name\" content=\"Classroom\" \/>\n<meta property=\"article:modified_time\" content=\"2022-11-21T19:36:48+00:00\" \/>\n<meta name=\"twitter:card\" content=\"summary_large_image\" \/>\n<meta name=\"twitter:label1\" content=\"Est. reading time\" \/>\n\t<meta name=\"twitter:data1\" content=\"9 minutes\" \/>\n<script type=\"application\/ld+json\" class=\"yoast-schema-graph\">{\"@context\":\"https:\\\/\\\/schema.org\",\"@graph\":[{\"@type\":\"WebPage\",\"@id\":\"https:\\\/\\\/gestionescolar.com.mx\\\/en\\\/terminos-y-condiciones\\\/\",\"url\":\"https:\\\/\\\/gestionescolar.com.mx\\\/en\\\/terminos-y-condiciones\\\/\",\"name\":\"T\u00e9rminos y condiciones - Classroom\",\"isPartOf\":{\"@id\":\"https:\\\/\\\/gestionescolar.com.mx\\\/#website\"},\"datePublished\":\"2022-11-21T19:31:47+00:00\",\"dateModified\":\"2022-11-21T19:36:48+00:00\",\"breadcrumb\":{\"@id\":\"https:\\\/\\\/gestionescolar.com.mx\\\/en\\\/terminos-y-condiciones\\\/#breadcrumb\"},\"inLanguage\":\"en-US\",\"potentialAction\":[{\"@type\":\"ReadAction\",\"target\":[\"https:\\\/\\\/gestionescolar.com.mx\\\/en\\\/terminos-y-condiciones\\\/\"]}]},{\"@type\":\"BreadcrumbList\",\"@id\":\"https:\\\/\\\/gestionescolar.com.mx\\\/en\\\/terminos-y-condiciones\\\/#breadcrumb\",\"itemListElement\":[{\"@type\":\"ListItem\",\"position\":1,\"name\":\"Inicio\",\"item\":\"https:\\\/\\\/gestionescolar.com.mx\\\/\"},{\"@type\":\"ListItem\",\"position\":2,\"name\":\"T\u00e9rminos y condiciones\"}]},{\"@type\":\"WebSite\",\"@id\":\"https:\\\/\\\/gestionescolar.com.mx\\\/#website\",\"url\":\"https:\\\/\\\/gestionescolar.com.mx\\\/\",\"name\":\"Classroom\",\"description\":\"Centro de capacitaci\u00f3n Colvix\",\"potentialAction\":[{\"@type\":\"SearchAction\",\"target\":{\"@type\":\"EntryPoint\",\"urlTemplate\":\"https:\\\/\\\/gestionescolar.com.mx\\\/?s={search_term_string}\"},\"query-input\":{\"@type\":\"PropertyValueSpecification\",\"valueRequired\":true,\"valueName\":\"search_term_string\"}}],\"inLanguage\":\"en-US\"}]}<\/script>\n<!-- \/ Yoast SEO plugin. -->","yoast_head_json":{"title":"T\u00e9rminos y condiciones - Classroom","robots":{"index":"index","follow":"follow","max-snippet":"max-snippet:-1","max-image-preview":"max-image-preview:large","max-video-preview":"max-video-preview:-1"},"canonical":"https:\/\/gestionescolar.com.mx\/en\/terminos-y-condiciones\/","og_locale":"en_US","og_type":"article","og_title":"T\u00e9rminos y condiciones - Classroom","og_description":"T\u00e9rminos y condiciones Nosotros somos Gesti\u00f3n Escolar GEx ubicado en https:\/\/gestionescolar.com.mx\u00a0 y proporcionamos themes y plugins para WordPress redistribuidos bajo la licencia GPL (Licencia P\u00fablica General) por desarrolladores de todo el mundo.\u00a0 Creaci\u00f3n de cuenta Te conviertes en miembro de nuestra comunidad, una vez que creas una cuenta y aceptas seguir las reglas b\u00e1sicas que [&hellip;]","og_url":"https:\/\/gestionescolar.com.mx\/en\/terminos-y-condiciones\/","og_site_name":"Classroom","article_modified_time":"2022-11-21T19:36:48+00:00","twitter_card":"summary_large_image","twitter_misc":{"Est. reading time":"9 minutes"},"schema":{"@context":"https:\/\/schema.org","@graph":[{"@type":"WebPage","@id":"https:\/\/gestionescolar.com.mx\/en\/terminos-y-condiciones\/","url":"https:\/\/gestionescolar.com.mx\/en\/terminos-y-condiciones\/","name":"T\u00e9rminos y condiciones - Classroom","isPartOf":{"@id":"https:\/\/gestionescolar.com.mx\/#website"},"datePublished":"2022-11-21T19:31:47+00:00","dateModified":"2022-11-21T19:36:48+00:00","breadcrumb":{"@id":"https:\/\/gestionescolar.com.mx\/en\/terminos-y-condiciones\/#breadcrumb"},"inLanguage":"en-US","potentialAction":[{"@type":"ReadAction","target":["https:\/\/gestionescolar.com.mx\/en\/terminos-y-condiciones\/"]}]},{"@type":"BreadcrumbList","@id":"https:\/\/gestionescolar.com.mx\/en\/terminos-y-condiciones\/#breadcrumb","itemListElement":[{"@type":"ListItem","position":1,"name":"Inicio","item":"https:\/\/gestionescolar.com.mx\/"},{"@type":"ListItem","position":2,"name":"T\u00e9rminos y condiciones"}]},{"@type":"WebSite","@id":"https:\/\/gestionescolar.com.mx\/#website","url":"https:\/\/gestionescolar.com.mx\/","name":"Classroom","description":"Centro de capacitaci\u00f3n Colvix","potentialAction":[{"@type":"SearchAction","target":{"@type":"EntryPoint","urlTemplate":"https:\/\/gestionescolar.com.mx\/?s={search_term_string}"},"query-input":{"@type":"PropertyValueSpecification","valueRequired":true,"valueName":"search_term_string"}}],"inLanguage":"en-US"}]}},"_links":{"self":[{"href":"https:\/\/gestionescolar.com.mx\/en\/wp-json\/wp\/v2\/pages\/301","targetHints":{"allow":["GET"]}}],"collection":[{"href":"https:\/\/gestionescolar.com.mx\/en\/wp-json\/wp\/v2\/pages"}],"about":[{"href":"https:\/\/gestionescolar.com.mx\/en\/wp-json\/wp\/v2\/types\/page"}],"author":[{"embeddable":true,"href":"https:\/\/gestionescolar.com.mx\/en\/wp-json\/wp\/v2\/users\/1"}],"replies":[{"embeddable":true,"href":"https:\/\/gestionescolar.com.mx\/en\/wp-json\/wp\/v2\/comments?post=301"}],"version-history":[{"count":4,"href":"https:\/\/gestionescolar.com.mx\/en\/wp-json\/wp\/v2\/pages\/301\/revisions"}],"predecessor-version":[{"id":306,"href":"https:\/\/gestionescolar.com.mx\/en\/wp-json\/wp\/v2\/pages\/301\/revisions\/306"}],"wp:attachment":[{"href":"https:\/\/gestionescolar.com.mx\/en\/wp-json\/wp\/v2\/media?parent=301"}],"curies":[{"name":"wp","href":"https:\/\/api.w.org\/{rel}","templated":true}]}}