{"id":1354,"date":"2024-08-29T13:35:20","date_gmt":"2024-08-29T19:35:20","guid":{"rendered":"https:\/\/gestionescolar.com.mx\/?page_id=1354"},"modified":"2024-08-29T13:45:04","modified_gmt":"2024-08-29T19:45:04","slug":"garantia-de-satisfaccion","status":"publish","type":"page","link":"https:\/\/gestionescolar.com.mx\/en\/garantia-de-satisfaccion\/","title":{"rendered":"Garant\u00eda de satisfacci\u00f3n"},"content":{"rendered":"<div data-elementor-type=\"wp-page\" data-elementor-id=\"1354\" class=\"elementor elementor-1354\" data-elementor-post-type=\"page\">\n\t\t\t\t\t\t<section data-particle_enable=\"false\" data-particle-mobile-disabled=\"false\" class=\"elementor-section elementor-top-section elementor-element elementor-element-e489691 elementor-section-boxed elementor-section-height-default elementor-section-height-default\" data-id=\"e489691\" data-element_type=\"section\" data-e-type=\"section\" data-settings=\"{&quot;ekit_has_onepagescroll_dot&quot;:&quot;yes&quot;}\">\n\t\t\t\t\t\t<div class=\"elementor-container elementor-column-gap-default\">\n\t\t\t\t\t<div class=\"elementor-column elementor-col-100 elementor-top-column elementor-element elementor-element-e7171bf\" data-id=\"e7171bf\" data-element_type=\"column\" data-e-type=\"column\">\n\t\t\t<div class=\"elementor-widget-wrap elementor-element-populated\">\n\t\t\t\t\t\t<div class=\"elementor-element elementor-element-cbb1022 elementor-widget elementor-widget-heading\" data-id=\"cbb1022\" data-element_type=\"widget\" data-e-type=\"widget\" data-settings=\"{&quot;ekit_we_effect_on&quot;:&quot;none&quot;}\" data-widget_type=\"heading.default\">\n\t\t\t\t<div class=\"elementor-widget-container\">\n\t\t\t\t\t<h2 class=\"elementor-heading-title elementor-size-default\">Garant\u00eda de satisfacci\u00f3n<\/h2>\t\t\t\t<\/div>\n\t\t\t\t<\/div>\n\t\t\t\t<div class=\"elementor-element elementor-element-f9e771d elementor-widget elementor-widget-text-editor\" data-id=\"f9e771d\" data-element_type=\"widget\" data-e-type=\"widget\" data-settings=\"{&quot;ekit_we_effect_on&quot;:&quot;none&quot;}\" data-widget_type=\"text-editor.default\">\n\t\t\t\t<div class=\"elementor-widget-container\">\n\t\t\t\t\t\t\t\t\t<p>Nuestros cursos de la categor\u00eda M\u00e1ster, Certificaci\u00f3n y Bootcamp tienen garant\u00eda de satisfacci\u00f3n o realizamos la devoluci\u00f3n integro del pago realizado al adquirir tu curso.<\/p><p>\u00a0<\/p><p><strong>Pol\u00edticas<\/strong><\/p><p>El usuario debe haber cumplido con el 100% de consumo de contenido y actividades requeridas en tiempo y forma y justificar que el empleo de los conocimientos no es de utilidad al no ser \u00fatiles en su campo laboral por estar errados o no actualizados.<\/p><p>En el caso del Bootcamp debe haber cumplido con el Taller presencial el contenido del curso y sus actividades, haber solicitado su asesor\u00eda personalizada de seguimiento y presentar evidencias de aplicaci\u00f3n de las estrategias y que estas no generaron resultados.<\/p><p>El obtener certificaciones oficiales est\u00e1 sujeto a evaluaci\u00f3n, por tanto, el no aprobar no es motivo de devoluci\u00f3n, ya que nuestro equipo te dar\u00e1 apoyo, seguimiento y aclaraci\u00f3n de dudas hasta poder aprobar.<\/p><p>El monte de devoluci\u00f3n se realizar\u00e1 solo a la cuenta bancaria y beneficiario que adquiri\u00f3 el curso.<\/p>\t\t\t\t\t\t\t\t<\/div>\n\t\t\t\t<\/div>\n\t\t\t\t\t<\/div>\n\t\t<\/div>\n\t\t\t\t\t<\/div>\n\t\t<\/section>\n\t\t\t\t<\/div>","protected":false},"excerpt":{"rendered":"<p>Garant\u00eda de satisfacci\u00f3n Nuestros cursos de la categor\u00eda M\u00e1ster, Certificaci\u00f3n y Bootcamp tienen garant\u00eda de satisfacci\u00f3n o realizamos la devoluci\u00f3n integro del pago realizado al adquirir tu curso. \u00a0 Pol\u00edticas El usuario debe haber cumplido con el 100% de consumo de contenido y actividades requeridas en tiempo y forma y justificar que el empleo de [&hellip;]<\/p>\n","protected":false},"author":1,"featured_media":0,"parent":0,"menu_order":0,"comment_status":"closed","ping_status":"closed","template":"elementor_header_footer","meta":{"_joinchat":[],"footnotes":""},"class_list":["post-1354","page","type-page","status-publish","hentry"],"yoast_head":"<!-- This site is optimized with the Yoast SEO plugin v27.4 - https:\/\/yoast.com\/product\/yoast-seo-wordpress\/ -->\n<title>Garant\u00eda de satisfacci\u00f3n - Classroom<\/title>\n<meta name=\"robots\" content=\"index, follow, max-snippet:-1, max-image-preview:large, max-video-preview:-1\" \/>\n<link rel=\"canonical\" href=\"https:\/\/gestionescolar.com.mx\/en\/garantia-de-satisfaccion\/\" \/>\n<meta property=\"og:locale\" content=\"en_US\" \/>\n<meta property=\"og:type\" content=\"article\" \/>\n<meta property=\"og:title\" content=\"Garant\u00eda de satisfacci\u00f3n - Classroom\" \/>\n<meta property=\"og:description\" content=\"Garant\u00eda de satisfacci\u00f3n Nuestros cursos de la categor\u00eda M\u00e1ster, Certificaci\u00f3n y Bootcamp tienen garant\u00eda de satisfacci\u00f3n o realizamos la devoluci\u00f3n integro del pago realizado al adquirir tu curso. \u00a0 Pol\u00edticas El usuario debe haber cumplido con el 100% de consumo de contenido y actividades requeridas en tiempo y forma y justificar que el empleo de [&hellip;]\" \/>\n<meta property=\"og:url\" content=\"https:\/\/gestionescolar.com.mx\/en\/garantia-de-satisfaccion\/\" \/>\n<meta property=\"og:site_name\" content=\"Classroom\" \/>\n<meta property=\"article:modified_time\" content=\"2024-08-29T19:45:04+00:00\" \/>\n<meta name=\"twitter:card\" content=\"summary_large_image\" \/>\n<meta name=\"twitter:label1\" content=\"Est. reading time\" \/>\n\t<meta name=\"twitter:data1\" content=\"1 minute\" \/>\n<script type=\"application\/ld+json\" class=\"yoast-schema-graph\">{\"@context\":\"https:\\\/\\\/schema.org\",\"@graph\":[{\"@type\":\"WebPage\",\"@id\":\"https:\\\/\\\/gestionescolar.com.mx\\\/garantia-de-satisfaccion\\\/\",\"url\":\"https:\\\/\\\/gestionescolar.com.mx\\\/garantia-de-satisfaccion\\\/\",\"name\":\"Garant\u00eda de satisfacci\u00f3n - Classroom\",\"isPartOf\":{\"@id\":\"https:\\\/\\\/gestionescolar.com.mx\\\/#website\"},\"datePublished\":\"2024-08-29T19:35:20+00:00\",\"dateModified\":\"2024-08-29T19:45:04+00:00\",\"breadcrumb\":{\"@id\":\"https:\\\/\\\/gestionescolar.com.mx\\\/garantia-de-satisfaccion\\\/#breadcrumb\"},\"inLanguage\":\"en-US\",\"potentialAction\":[{\"@type\":\"ReadAction\",\"target\":[\"https:\\\/\\\/gestionescolar.com.mx\\\/garantia-de-satisfaccion\\\/\"]}]},{\"@type\":\"BreadcrumbList\",\"@id\":\"https:\\\/\\\/gestionescolar.com.mx\\\/garantia-de-satisfaccion\\\/#breadcrumb\",\"itemListElement\":[{\"@type\":\"ListItem\",\"position\":1,\"name\":\"Inicio\",\"item\":\"https:\\\/\\\/gestionescolar.com.mx\\\/\"},{\"@type\":\"ListItem\",\"position\":2,\"name\":\"Garant\u00eda de satisfacci\u00f3n\"}]},{\"@type\":\"WebSite\",\"@id\":\"https:\\\/\\\/gestionescolar.com.mx\\\/#website\",\"url\":\"https:\\\/\\\/gestionescolar.com.mx\\\/\",\"name\":\"Classroom\",\"description\":\"Centro de capacitaci\u00f3n Colvix\",\"potentialAction\":[{\"@type\":\"SearchAction\",\"target\":{\"@type\":\"EntryPoint\",\"urlTemplate\":\"https:\\\/\\\/gestionescolar.com.mx\\\/?s={search_term_string}\"},\"query-input\":{\"@type\":\"PropertyValueSpecification\",\"valueRequired\":true,\"valueName\":\"search_term_string\"}}],\"inLanguage\":\"en-US\"}]}<\/script>\n<!-- \/ Yoast SEO plugin. -->","yoast_head_json":{"title":"Garant\u00eda de satisfacci\u00f3n - Classroom","robots":{"index":"index","follow":"follow","max-snippet":"max-snippet:-1","max-image-preview":"max-image-preview:large","max-video-preview":"max-video-preview:-1"},"canonical":"https:\/\/gestionescolar.com.mx\/en\/garantia-de-satisfaccion\/","og_locale":"en_US","og_type":"article","og_title":"Garant\u00eda de satisfacci\u00f3n - Classroom","og_description":"Garant\u00eda de satisfacci\u00f3n Nuestros cursos de la categor\u00eda M\u00e1ster, Certificaci\u00f3n y Bootcamp tienen garant\u00eda de satisfacci\u00f3n o realizamos la devoluci\u00f3n integro del pago realizado al adquirir tu curso. \u00a0 Pol\u00edticas El usuario debe haber cumplido con el 100% de consumo de contenido y actividades requeridas en tiempo y forma y justificar que el empleo de [&hellip;]","og_url":"https:\/\/gestionescolar.com.mx\/en\/garantia-de-satisfaccion\/","og_site_name":"Classroom","article_modified_time":"2024-08-29T19:45:04+00:00","twitter_card":"summary_large_image","twitter_misc":{"Est. reading time":"1 minute"},"schema":{"@context":"https:\/\/schema.org","@graph":[{"@type":"WebPage","@id":"https:\/\/gestionescolar.com.mx\/garantia-de-satisfaccion\/","url":"https:\/\/gestionescolar.com.mx\/garantia-de-satisfaccion\/","name":"Garant\u00eda de satisfacci\u00f3n - Classroom","isPartOf":{"@id":"https:\/\/gestionescolar.com.mx\/#website"},"datePublished":"2024-08-29T19:35:20+00:00","dateModified":"2024-08-29T19:45:04+00:00","breadcrumb":{"@id":"https:\/\/gestionescolar.com.mx\/garantia-de-satisfaccion\/#breadcrumb"},"inLanguage":"en-US","potentialAction":[{"@type":"ReadAction","target":["https:\/\/gestionescolar.com.mx\/garantia-de-satisfaccion\/"]}]},{"@type":"BreadcrumbList","@id":"https:\/\/gestionescolar.com.mx\/garantia-de-satisfaccion\/#breadcrumb","itemListElement":[{"@type":"ListItem","position":1,"name":"Inicio","item":"https:\/\/gestionescolar.com.mx\/"},{"@type":"ListItem","position":2,"name":"Garant\u00eda de satisfacci\u00f3n"}]},{"@type":"WebSite","@id":"https:\/\/gestionescolar.com.mx\/#website","url":"https:\/\/gestionescolar.com.mx\/","name":"Classroom","description":"Centro de capacitaci\u00f3n Colvix","potentialAction":[{"@type":"SearchAction","target":{"@type":"EntryPoint","urlTemplate":"https:\/\/gestionescolar.com.mx\/?s={search_term_string}"},"query-input":{"@type":"PropertyValueSpecification","valueRequired":true,"valueName":"search_term_string"}}],"inLanguage":"en-US"}]}},"_links":{"self":[{"href":"https:\/\/gestionescolar.com.mx\/en\/wp-json\/wp\/v2\/pages\/1354","targetHints":{"allow":["GET"]}}],"collection":[{"href":"https:\/\/gestionescolar.com.mx\/en\/wp-json\/wp\/v2\/pages"}],"about":[{"href":"https:\/\/gestionescolar.com.mx\/en\/wp-json\/wp\/v2\/types\/page"}],"author":[{"embeddable":true,"href":"https:\/\/gestionescolar.com.mx\/en\/wp-json\/wp\/v2\/users\/1"}],"replies":[{"embeddable":true,"href":"https:\/\/gestionescolar.com.mx\/en\/wp-json\/wp\/v2\/comments?post=1354"}],"version-history":[{"count":4,"href":"https:\/\/gestionescolar.com.mx\/en\/wp-json\/wp\/v2\/pages\/1354\/revisions"}],"predecessor-version":[{"id":1358,"href":"https:\/\/gestionescolar.com.mx\/en\/wp-json\/wp\/v2\/pages\/1354\/revisions\/1358"}],"wp:attachment":[{"href":"https:\/\/gestionescolar.com.mx\/en\/wp-json\/wp\/v2\/media?parent=1354"}],"curies":[{"name":"wp","href":"https:\/\/api.w.org\/{rel}","templated":true}]}}